{"id":231,"date":"2024-10-05T08:57:18","date_gmt":"2024-10-05T08:57:18","guid":{"rendered":"https:\/\/www.provenio.cz\/?page_id=231"},"modified":"2026-02-26T21:05:18","modified_gmt":"2026-02-26T21:05:18","slug":"publications-2","status":"publish","type":"page","link":"https:\/\/www.provenio.cz\/?page_id=231&lang=en","title":{"rendered":"Publications"},"content":{"rendered":"\n<p class=\"has-medium-font-size\"><strong>Publications<\/strong><\/p>\n\n\n\n<p><\/p>\n\n\n<p><a href=\"https:\/\/www.provenio.cz\/wp-content\/uploads\/2026\/02\/V-ucte-a-oddanosti-vede__WEB.pdf\">V \u00fact\u011b a oddanosti v\u011bd\u011b. Knihovna Kr\u00e1lovsk\u00e9 \u010desk\u00e9 spole\u010dnosti nauk\na jej\u00ed fond \/ Andrea Jel\u00ednkov\u00e1.<\/a><br>First edition. Praha: Knihovna Akademie v\u011bd \u010cR, v. v. i., 2025. 111 pages. ISBN 978-80-86675-43-5<\/p>\n\n\n\n<figure class=\"wp-block-image size-full\"><a href=\"https:\/\/www.provenio.cz\/wp-content\/uploads\/2026\/02\/V-ucte-a-oddanosti-vede__WEB.pdf\"><img decoding=\"async\" src=\"https:\/\/www.provenio.cz\/wp-content\/uploads\/2026\/02\/V-ucte-a-oddanosti-vede__FC.jpg\" alt=\"\" class=\"wp-image-459\"\/><\/a><\/figure>\n\n\n\n<p><\/p>\n\n\n<p><a href=\"https:\/\/www.provenio.cz\/wp-content\/uploads\/2025\/07\/vedecke_ratolesti_web_150_DPI.pdf\">V\u011bdeck\u00e9 ratolesti v \u010desk\u00fdch knihovn\u00e1ch: katalog v\u00fdstavy: St\u00e1tn\u00ed z\u00e1mek Kyn\u017evart, 4. 7. \u2013 5. 9. 2025.<\/a><br> First edition. Praha: N\u00e1rodn\u00ed muzeum, 2025. 185 pages. ISBN 978-80-7036-857-2.<\/p>\n\n\n\n<figure class=\"wp-block-image size-full\"><a href=\"https:\/\/www.provenio.cz\/wp-content\/uploads\/2025\/07\/vedecke_ratolesti_web_150_DPI.pdf\"><img loading=\"lazy\" decoding=\"async\" width=\"680\" height=\"850\" src=\"https:\/\/www.provenio.cz\/wp-content\/uploads\/2025\/07\/vedecke_ratolesti_FC.jpg\" alt=\"\" class=\"wp-image-459\" srcset=\"https:\/\/www.provenio.cz\/wp-content\/uploads\/2025\/07\/vedecke_ratolesti_FC.jpg 680w, https:\/\/www.provenio.cz\/wp-content\/uploads\/2025\/07\/vedecke_ratolesti_FC-240x300.jpg 240w\" sizes=\"auto, (max-width: 680px) 100vw, 680px\" \/><\/a><\/figure>\n\n\n\n<p><\/p>\n\n\n<p><a href=\"https:\/\/www.provenio.cz\/wp-content\/uploads\/2024\/10\/Lekarska_literatura_v_zameckych_knihovnach.pdf\">L\u00e9ka\u0159sk\u00e1 literatura v z\u00e1meck\u00fdch knihovn\u00e1ch: katalog v\u00fdstavy: St\u00e1tn\u00ed z\u00e1mek Kyn\u017evart, 10.7.-10.9.2024.<\/a><br>First edition. \u010cesk\u00e9 Bud\u011bjovice: N\u00e1rodn\u00ed pam\u00e1tkov\u00fd \u00fastav, \u00fazemn\u00ed odborn\u00e9 pracovi\u0161t\u011b v \u010cesk\u00fdch Bud\u011bjovic\u00edch, 2024. 223 pages. ISBN 978-80-88446-08-8.<\/p>\n\n\n\n<figure class=\"wp-block-image size-full\"><a href=\"https:\/\/www.provenio.cz\/wp-content\/uploads\/2024\/10\/Lekarska_literatura_v_zameckych_knihovnach.pdf\"><img loading=\"lazy\" decoding=\"async\" width=\"608\" height=\"872\" src=\"https:\/\/provenio.cz\/wp-content\/uploads\/2024\/10\/Lekarska_literatura_v_zameckych_knihovnach-1.jpg\" alt=\"\" class=\"wp-image-28\" srcset=\"https:\/\/www.provenio.cz\/wp-content\/uploads\/2024\/10\/Lekarska_literatura_v_zameckych_knihovnach-1.jpg 608w, https:\/\/www.provenio.cz\/wp-content\/uploads\/2024\/10\/Lekarska_literatura_v_zameckych_knihovnach-1-209x300.jpg 209w\" sizes=\"auto, (max-width: 608px) 100vw, 608px\" \/><\/a><\/figure>\n\n\n\n<p><a href=\"https:\/\/www.provenio.cz\/wp-content\/uploads\/2024\/10\/fragment_-ceskych_kniznich_sbirek.pdf\">Fragmenty \u010desk\u00fdch kni\u017en\u00edch sb\u00edrek v evropsk\u00fdch knihovn\u00e1ch &#8211; \u017ditava, Dr\u00e1\u017e\u010fany, Vratislav, V\u00edde\u0148, \u0158ezno, Pa\u0159\u00ed\u017e<\/a><br>First edition. N\u00e1rodn\u00ed muzeum Praha, 2022. 40 pages. ISBN 978-80-7036-739-1.<\/p>\n\n\n\n<figure class=\"wp-block-image size-full\"><a href=\"https:\/\/www.provenio.cz\/wp-content\/uploads\/2024\/10\/fragment_-ceskych_kniznich_sbirek.pdf\"><img loading=\"lazy\" decoding=\"async\" width=\"595\" height=\"866\" src=\"https:\/\/provenio.cz\/wp-content\/uploads\/2024\/10\/fragment_-ceskych_kniznich_sbirek-1.jpg\" alt=\"\" class=\"wp-image-29\" srcset=\"https:\/\/www.provenio.cz\/wp-content\/uploads\/2024\/10\/fragment_-ceskych_kniznich_sbirek-1.jpg 595w, https:\/\/www.provenio.cz\/wp-content\/uploads\/2024\/10\/fragment_-ceskych_kniznich_sbirek-1-206x300.jpg 206w\" sizes=\"auto, (max-width: 595px) 100vw, 595px\" \/><\/a><\/figure>\n\n\n\n<p><a href=\"https:\/\/www.provenio.cz\/wp-content\/uploads\/2024\/10\/Krasa_slechtickych_katalog.pdf\">Kr\u00e1sa \u0161lechtick\u00fdch exlibris a supralibros: katalog v\u00fdstavy: St\u00e1tn\u00ed z\u00e1mek Konopi\u0161t\u011b, 25.7.-25.9.2022.<\/a><br>First edition. \u010cesk\u00e9 Bud\u011bjovice: N\u00e1rodn\u00ed pam\u00e1tkov\u00fd \u00fastav, \u00fazemn\u00ed odborn\u00e9 pracovi\u0161t\u011b v \u010cesk\u00fdch Bud\u011bjovic\u00edch, 2022. 79 pages. ISBN 978-80-88446-01-9.<\/p>\n\n\n\n<figure class=\"wp-block-image size-full is-resized\"><a href=\"https:\/\/www.provenio.cz\/wp-content\/uploads\/2024\/10\/Krasa_slechtickych_katalog.pdf\"><img loading=\"lazy\" decoding=\"async\" width=\"582\" height=\"852\" src=\"https:\/\/provenio.cz\/wp-content\/uploads\/2024\/10\/krasa_slechtickych_katalog-1.jpg\" alt=\"\" class=\"wp-image-30\" style=\"aspect-ratio:0.6830985915492958;width:650px;height:auto\" srcset=\"https:\/\/www.provenio.cz\/wp-content\/uploads\/2024\/10\/krasa_slechtickych_katalog-1.jpg 582w, https:\/\/www.provenio.cz\/wp-content\/uploads\/2024\/10\/krasa_slechtickych_katalog-1-205x300.jpg 205w\" sizes=\"auto, (max-width: 582px) 100vw, 582px\" \/><\/a><\/figure>\n\n\n\n<p><a href=\"https:\/\/www.provenio.cz\/wp-content\/uploads\/2024\/10\/Zamecke_knihovn_jihozapadni_Moravy_monografie.pdf\">Z\u00e1meck\u00e9 knihovny jihoz\u00e1padn\u00ed Moravy.<\/a><br>First edition. Praha: N\u00e1rodn\u00ed muzeum, 2021. 61 pages. ISBN 978-80-70366-90-5.<\/p>\n\n\n\n<figure class=\"wp-block-image size-full\"><a href=\"https:\/\/www.provenio.cz\/wp-content\/uploads\/2024\/10\/Zamecke_knihovn_jihozapadni_Moravy_monografie.pdf\"><img loading=\"lazy\" decoding=\"async\" width=\"564\" height=\"828\" src=\"https:\/\/provenio.cz\/wp-content\/uploads\/2024\/10\/zam-knih-jz-mor-1.jpg\" alt=\"\" class=\"wp-image-31\" srcset=\"https:\/\/www.provenio.cz\/wp-content\/uploads\/2024\/10\/zam-knih-jz-mor-1.jpg 564w, https:\/\/www.provenio.cz\/wp-content\/uploads\/2024\/10\/zam-knih-jz-mor-1-204x300.jpg 204w\" sizes=\"auto, (max-width: 564px) 100vw, 564px\" \/><\/a><\/figure>\n\n\n\n<p><a href=\"https:\/\/www.provenio.cz\/wp-content\/uploads\/2024\/10\/Slezske_zamecke_knihovny_katalog.pdf\">Slezsk\u00e9 z\u00e1meck\u00e9 knihovny: katalog v\u00fdstavy: St\u00e1tn\u00ed z\u00e1mek Hradec nad Moravic\u00ed, 23.9-26.12.2021.<\/a><br>First edition. \u010cesk\u00e9 Bud\u011bjovice: N\u00e1rodn\u00ed pam\u00e1tkov\u00fd \u00fastav, \u00fazemn\u00ed odborn\u00e9 pracovi\u0161t\u011b v \u010cesk\u00fdch Bud\u011bjovic\u00edch, 2021. 99 pages. ISBN 978-80-85033-98-4.<\/p>\n\n\n\n<figure class=\"wp-block-image size-full is-resized\"><a href=\"https:\/\/www.provenio.cz\/wp-content\/uploads\/2024\/10\/Slezske_zamecke_knihovny_katalog.pdf\"><img loading=\"lazy\" decoding=\"async\" width=\"617\" height=\"875\" src=\"https:\/\/provenio.cz\/wp-content\/uploads\/2024\/10\/slezske_zam_knihovny-1.jpg\" alt=\"\" class=\"wp-image-32\" style=\"aspect-ratio:0.7051428571428572;width:650px;height:auto\" srcset=\"https:\/\/www.provenio.cz\/wp-content\/uploads\/2024\/10\/slezske_zam_knihovny-1.jpg 617w, https:\/\/www.provenio.cz\/wp-content\/uploads\/2024\/10\/slezske_zam_knihovny-1-212x300.jpg 212w\" sizes=\"auto, (max-width: 617px) 100vw, 617px\" \/><\/a><\/figure>\n\n\n\n<p><a href=\"https:\/\/www.provenio.cz\/wp-content\/uploads\/2024\/10\/V_nejhlubsi_ucte_katalog.pdf\">V nejhlub\u0161\u00ed \u00fact\u011b: katalog v\u00fdstavy: St\u00e1tn\u00ed z\u00e1mek Kozel, 1.6.-31.7.2021.<\/a><br>First edition. \u010cesk\u00e9 Bud\u011bjovice: N\u00e1rodn\u00ed pam\u00e1tkov\u00fd \u00fastav, \u00fazemn\u00ed odborn\u00e9 pracovi\u0161t\u011b v \u010cesk\u00fdch Bud\u011bjovic\u00edch, 2021. 61 pages. ISBN 978-80-85033-96-0.<\/p>\n\n\n\n<figure class=\"wp-block-image size-full\"><a href=\"https:\/\/www.provenio.cz\/wp-content\/uploads\/2024\/10\/V_nejhlubsi_ucte_katalog.pdf\"><img loading=\"lazy\" decoding=\"async\" width=\"574\" height=\"838\" src=\"https:\/\/provenio.cz\/wp-content\/uploads\/2024\/10\/v_nejhlubsi_ucte-1.jpg\" alt=\"\" class=\"wp-image-33\" srcset=\"https:\/\/www.provenio.cz\/wp-content\/uploads\/2024\/10\/v_nejhlubsi_ucte-1.jpg 574w, https:\/\/www.provenio.cz\/wp-content\/uploads\/2024\/10\/v_nejhlubsi_ucte-1-205x300.jpg 205w\" sizes=\"auto, (max-width: 574px) 100vw, 574px\" \/><\/a><\/figure>\n\n\n\n<p><a href=\"https:\/\/www.provenio.cz\/wp-content\/uploads\/2024\/10\/Vzdelany_ctenar_katalog.pdf\">Vzd\u011blan\u00fd \u010dten\u00e1\u0159: katalog v\u00fdstavy: St\u00e1tn\u00ed z\u00e1mek Kyn\u017evart, 8.8.-10.10.2020.<\/a><br>First edition. \u010cesk\u00e9 Bud\u011bjovice: N\u00e1rodn\u00ed pam\u00e1tkov\u00fd \u00fastav, \u00fazemn\u00ed odborn\u00e9 pracovi\u0161t\u011b v \u010cesk\u00fdch Bud\u011bjovic\u00edch, 2020. 79 pages. ISBN 978-80-85033-93-9.<\/p>\n\n\n\n<figure class=\"wp-block-image size-full\"><a href=\"https:\/\/www.provenio.cz\/wp-content\/uploads\/2024\/10\/Vzdelany_ctenar_katalog.pdf\"><img loading=\"lazy\" decoding=\"async\" width=\"537\" height=\"779\" src=\"https:\/\/provenio.cz\/wp-content\/uploads\/2024\/10\/vzdelany_ctenar_katalog-1.jpg\" alt=\"\" class=\"wp-image-34\" srcset=\"https:\/\/www.provenio.cz\/wp-content\/uploads\/2024\/10\/vzdelany_ctenar_katalog-1.jpg 537w, https:\/\/www.provenio.cz\/wp-content\/uploads\/2024\/10\/vzdelany_ctenar_katalog-1-207x300.jpg 207w\" sizes=\"auto, (max-width: 537px) 100vw, 537px\" \/><\/a><\/figure>\n","protected":false},"excerpt":{"rendered":"<p>Publications V \u00fact\u011b a oddanosti v\u011bd\u011b. Knihovna Kr\u00e1lovsk\u00e9 \u010desk\u00e9 spole\u010dnosti nauk a jej\u00ed fond \/ Andrea Jel\u00ednkov\u00e1.First edition. Praha: Knihovna Akademie v\u011bd \u010cR, v. v. i., 2025. 111 pages. ISBN 978-80-86675-43-5 V\u011bdeck\u00e9 ratolesti v \u010desk\u00fdch knihovn\u00e1ch: katalog v\u00fdstavy: St\u00e1tn\u00ed z\u00e1mek Kyn\u017evart, 4. 7. \u2013 5. 9. 2025. First edition. Praha: N\u00e1rodn\u00ed muzeum, 2025. 185 pages. [&hellip;]<\/p>\n","protected":false},"author":1,"featured_media":0,"parent":0,"menu_order":0,"comment_status":"closed","ping_status":"closed","template":"","meta":{"footnotes":""},"class_list":["post-231","page","type-page","status-publish","hentry"],"_links":{"self":[{"href":"https:\/\/www.provenio.cz\/index.php?rest_route=\/wp\/v2\/pages\/231","targetHints":{"allow":["GET"]}}],"collection":[{"href":"https:\/\/www.provenio.cz\/index.php?rest_route=\/wp\/v2\/pages"}],"about":[{"href":"https:\/\/www.provenio.cz\/index.php?rest_route=\/wp\/v2\/types\/page"}],"author":[{"embeddable":true,"href":"https:\/\/www.provenio.cz\/index.php?rest_route=\/wp\/v2\/users\/1"}],"replies":[{"embeddable":true,"href":"https:\/\/www.provenio.cz\/index.php?rest_route=%2Fwp%2Fv2%2Fcomments&post=231"}],"version-history":[{"count":9,"href":"https:\/\/www.provenio.cz\/index.php?rest_route=\/wp\/v2\/pages\/231\/revisions"}],"predecessor-version":[{"id":476,"href":"https:\/\/www.provenio.cz\/index.php?rest_route=\/wp\/v2\/pages\/231\/revisions\/476"}],"wp:attachment":[{"href":"https:\/\/www.provenio.cz\/index.php?rest_route=%2Fwp%2Fv2%2Fmedia&parent=231"}],"curies":[{"name":"wp","href":"https:\/\/api.w.org\/{rel}","templated":true}]}}