{"id":408,"date":"2024-10-17T19:30:31","date_gmt":"2024-10-17T19:30:31","guid":{"rendered":"https:\/\/www.provenio.cz\/?page_id=408"},"modified":"2024-10-17T19:43:38","modified_gmt":"2024-10-17T19:43:38","slug":"domu","status":"publish","type":"page","link":"https:\/\/www.provenio.cz\/","title":{"rendered":"Dom\u016f"},"content":{"rendered":"\n<p class=\"has-medium-font-size\"><strong>Ko\u0159eny a plody evropsk\u00e9 v\u011bdy v\u202f\u010desk\u00fdch, moravsk\u00fdch a slezsk\u00fdch historick\u00fdch knihovn\u00edch fondech.<\/strong><\/p>\n\n\n\n<p><br>V\u00fdzkumn\u00fd projekt NAKI \u201eKo\u0159eny a plody evropsk\u00e9 v\u011bdy v\u202f\u010desk\u00fdch, moravsk\u00fdch a slezsk\u00fdch historick\u00fdch knihovn\u00edch fondech\u201c (DH23P03OVV058) konsorcia p\u011bti instituc\u00ed (<a href=\"https:\/\/www.nm.cz\">NM<\/a>, <a href=\"http:\/\/npu.cz\/cs\">NP\u00da<\/a>, <a href=\"https:\/\/www.nkp.cz\">NK \u010cR<\/a>, <a href=\"https:\/\/www.lib.cas.cz\/\">KNAV<\/a>, <a href=\"https:\/\/www.muo.cz\/\">MUO<\/a>) m\u00e1 za c\u00edl zmapov\u00e1n\u00ed oblasti knihoven v\u011bdc\u016f a u\u010denc\u016f dochovan\u00fdch v\u202fknihovn\u00edch historick\u00fdch fondech \u010di dokladovan\u00fdch na \u010desk\u00e9m \u00fazem\u00ed od st\u0159edov\u011bku do modern\u00ed doby, v\u00fdzkum fenom\u00e9nu v\u011bdeck\u00e9 literatury v\u202fknihovn\u00e1ch \u201elaik\u016f\u201c a prezentaci v\u00fdsledk\u016f tohoto v\u00fdzkumu prost\u0159ednictv\u00edm kritick\u00fdch v\u00fdstav, audiovizu\u00e1ln\u00edch dokument\u016f a publikac\u00ed. Projekt navazuje na p\u0159edchoz\u00ed projekty zam\u011b\u0159en\u00e9 na d\u011bjiny knihoven, prom\u011bny recepce konkr\u00e9tn\u00edch liter\u00e1rn\u00edch \u017e\u00e1nr\u016f v \u010dase, v\u00fdvoj \u010dten\u00e1\u0159sk\u00e9 kultury a provenien\u010dn\u00ed z\u00e1znamy a zna\u010dky v \u202fknih\u00e1ch.<\/p>\n","protected":false},"excerpt":{"rendered":"<p>Ko\u0159eny a plody evropsk\u00e9 v\u011bdy v\u202f\u010desk\u00fdch, moravsk\u00fdch a slezsk\u00fdch historick\u00fdch knihovn\u00edch fondech. V\u00fdzkumn\u00fd projekt NAKI \u201eKo\u0159eny a plody evropsk\u00e9 v\u011bdy v\u202f\u010desk\u00fdch, moravsk\u00fdch a slezsk\u00fdch historick\u00fdch knihovn\u00edch fondech\u201c (DH23P03OVV058) konsorcia p\u011bti instituc\u00ed (NM, NP\u00da, NK \u010cR, KNAV, MUO) m\u00e1 za c\u00edl zmapov\u00e1n\u00ed oblasti knihoven v\u011bdc\u016f a u\u010denc\u016f dochovan\u00fdch v\u202fknihovn\u00edch historick\u00fdch fondech \u010di dokladovan\u00fdch na \u010desk\u00e9m \u00fazem\u00ed [&hellip;]<\/p>\n","protected":false},"author":1,"featured_media":0,"parent":0,"menu_order":0,"comment_status":"closed","ping_status":"closed","template":"","meta":{"footnotes":""},"class_list":["post-408","page","type-page","status-publish","hentry"],"_links":{"self":[{"href":"https:\/\/www.provenio.cz\/index.php?rest_route=\/wp\/v2\/pages\/408","targetHints":{"allow":["GET"]}}],"collection":[{"href":"https:\/\/www.provenio.cz\/index.php?rest_route=\/wp\/v2\/pages"}],"about":[{"href":"https:\/\/www.provenio.cz\/index.php?rest_route=\/wp\/v2\/types\/page"}],"author":[{"embeddable":true,"href":"https:\/\/www.provenio.cz\/index.php?rest_route=\/wp\/v2\/users\/1"}],"replies":[{"embeddable":true,"href":"https:\/\/www.provenio.cz\/index.php?rest_route=%2Fwp%2Fv2%2Fcomments&post=408"}],"version-history":[{"count":2,"href":"https:\/\/www.provenio.cz\/index.php?rest_route=\/wp\/v2\/pages\/408\/revisions"}],"predecessor-version":[{"id":418,"href":"https:\/\/www.provenio.cz\/index.php?rest_route=\/wp\/v2\/pages\/408\/revisions\/418"}],"wp:attachment":[{"href":"https:\/\/www.provenio.cz\/index.php?rest_route=%2Fwp%2Fv2%2Fmedia&parent=408"}],"curies":[{"name":"wp","href":"https:\/\/api.w.org\/{rel}","templated":true}]}}